{"id":298,"date":"2026-04-16T22:46:01","date_gmt":"2026-04-16T21:46:01","guid":{"rendered":"https:\/\/deolindamatos.com\/shop\/?page_id=298"},"modified":"2026-04-16T23:00:18","modified_gmt":"2026-04-16T22:00:18","slug":"pre-inscricao-ciclo-de-reiki","status":"publish","type":"page","link":"https:\/\/deolindamatos.com\/shop\/pre-inscricao-ciclo-de-reiki\/","title":{"rendered":"Pr\u00e9-inscri\u00e7\u00e3o \u2013 Ciclo de Reiki"},"content":{"rendered":"\n<section style=\"background:#c7b2b9; padding:80px 20px; margin:0; width:100vw; margin-left:calc(50% - 50vw);\">\n\n  <div style=\"max-width:980px; margin:0 auto;\">\n    \n    <div style=\"background:rgba(255,255,255,0.88); border-radius:32px; padding:70px 40px; box-shadow:0 18px 45px rgba(130,95,95,0.12); backdrop-filter:blur(4px); -webkit-backdrop-filter:blur(4px);\">\n      \n      <div style=\"max-width:720px; margin:0 auto; text-align:center;\">\n        \n        <div style=\"font-family:Inter, Arial, sans-serif; font-size:13px; letter-spacing:3px; text-transform:uppercase; color:#b18c66; margin-bottom:18px;\">\n          Ciclos de Reiki\n        <\/div>\n\n        <h1 style=\"font-family:'Playfair Display', serif; font-size:56px; line-height:1.08; color:#825f5f; font-weight:600; margin:0 0 22px;\">\n          Novas datas brevemente \u2728\n        <\/h1>\n\n        <p style=\"font-family:Inter, Arial, sans-serif; font-size:22px; line-height:1.65; color:#6f565c; margin:0 0 18px;\">\n          Se sentes que este ciclo \u00e9 para ti, honra esse chamado interior.\n        <\/p>\n\n        <p style=\"font-family:Inter, Arial, sans-serif; font-size:18px; line-height:1.85; color:#7a676b; margin:0 auto 42px; max-width:650px;\">\n          As pr\u00f3ximas vagas ir\u00e3o abrir em breve e poder\u00e1s ser das primeiras pessoas a receber todas as novidades.\n          Deixa abaixo os teus dados para entrares na pr\u00e9-inscri\u00e7\u00e3o.\n        <\/p>\n      <\/div>\n\n      <div style=\"max-width:620px; margin:0 auto;\">\n        <div class='fluentform ff-default fluentform_wrapper_3 ffs_default_wrap'><form data-form_id=\"3\" id=\"fluentform_3\" class=\"frm-fluent-form fluent_form_3 ff-el-form-top ff_form_instance_3_1 ff-form-loading ffs_default\" data-form_instance=\"ff_form_instance_3_1\" method=\"POST\" ><fieldset  style=\"border: none!important;margin: 0!important;padding: 0!important;background-color: transparent!important;box-shadow: none!important;outline: none!important; min-inline-size: 100%;\">\n                    <legend class=\"ff_screen_reader_title\" style=\"display: block; margin: 0!important;padding: 0!important;height: 0!important;text-indent: -999999px;width: 0!important;overflow:hidden;\">Ciclo de Reiki Pr\u00e9 Inscri\u00e7\u00e3o<\/legend><input type='hidden' name='__fluent_form_embded_post_id' value='298' \/><input type=\"hidden\" id=\"_fluentform_3_fluentformnonce\" name=\"_fluentform_3_fluentformnonce\" value=\"6b1b990c7a\" \/><input type=\"hidden\" name=\"_wp_http_referer\" value=\"\/shop\/wp-json\/wp\/v2\/pages\/298\" \/><div data-type=\"name-element\" data-name=\"names\" class=\" ff-field_container ff-name-field-wrapper\" ><div class='ff-t-container'><div class='ff-t-cell '><div class='ff-el-group ff-el-form-top'><div class=\"ff-el-input--label asterisk-right\"><label for='ff_3_names_first_name_' id='label_ff_3_names_first_name_' >Nome<\/label><\/div><div class='ff-el-input--content'><input type=\"text\" name=\"names[first_name]\" id=\"ff_3_names_first_name_\" class=\"ff-el-form-control\" placeholder=\"Digite seu nome\" aria-invalid=\"false\" aria-required=false><\/div><\/div><\/div><div class='ff-t-cell '><div class='ff-el-group ff-el-form-top'><div class=\"ff-el-input--label asterisk-right\"><label for='ff_3_names_last_name_' id='label_ff_3_names_last_name_' >Sobrenome<\/label><\/div><div class='ff-el-input--content'><input type=\"text\" name=\"names[last_name]\" id=\"ff_3_names_last_name_\" class=\"ff-el-form-control\" placeholder=\"Digite seu sobrenome\" aria-invalid=\"false\" aria-required=false><\/div><\/div><\/div><\/div><\/div><div class='ff-el-group'><div class=\"ff-el-input--label asterisk-right\"><label for='ff_3_email' id='label_ff_3_email' aria-label=\"E-mail\">E-mail<\/label><\/div><div class='ff-el-input--content'><input type=\"email\" name=\"email\" id=\"ff_3_email\" class=\"ff-el-form-control\" placeholder=\"Email Address\" data-name=\"email\"  aria-invalid=\"false\" aria-required=false><\/div><\/div><div class='ff-el-group'><div class=\"ff-el-input--label asterisk-right\"><label for='ff_3_input_text' id='label_ff_3_input_text' aria-label=\"Telem\u00f3vel \/ WhatsApp\">Telem\u00f3vel \/ WhatsApp<\/label><\/div><div class='ff-el-input--content'><input type=\"text\" name=\"input_text\" class=\"ff-el-form-control\" data-name=\"input_text\" id=\"ff_3_input_text\"  aria-invalid=\"false\" aria-required=false><\/div><\/div><div class='ff-el-group ff-text-left ff_submit_btn_wrapper'><button type=\"submit\" class=\"ff-btn ff-btn-submit ff-btn-md ff_btn_style\"  aria-label=\"Submit Form\">Submit Form<\/button><\/div><\/fieldset><\/form><div id='fluentform_3_errors' class='ff-errors-in-stack ff_form_instance_3_1 ff-form-loading_errors ff_form_instance_3_1_errors'><\/div><\/div>            <script type=\"text\/javascript\">\n                window.fluent_form_ff_form_instance_3_1 = {\"id\":\"3\",\"ajaxUrl\":\"https:\\\/\\\/deolindamatos.com\\\/shop\\\/wp-admin\\\/admin-ajax.php\",\"settings\":{\"layout\":{\"labelPlacement\":\"top\",\"asteriskPlacement\":\"asterisk-right\",\"helpMessagePlacement\":\"with_label\",\"errorMessagePlacement\":\"inline\",\"cssClassName\":\"\"},\"restrictions\":{\"denyEmptySubmission\":{\"enabled\":false}}},\"form_instance\":\"ff_form_instance_3_1\",\"form_id_selector\":\"fluentform_3\",\"rules\":{\"names[first_name]\":{\"required\":{\"value\":false,\"message\":\"Este campo \\u00e9 obrigat\\u00f3rio\",\"global_message\":\"Este campo \\u00e9 obrigat\\u00f3rio\",\"global\":true}},\"names[middle_name]\":{\"required\":{\"value\":false,\"message\":\"Este campo \\u00e9 obrigat\\u00f3rio\",\"global_message\":\"Este campo \\u00e9 obrigat\\u00f3rio\",\"global\":true}},\"names[last_name]\":{\"required\":{\"value\":false,\"message\":\"Este campo \\u00e9 obrigat\\u00f3rio\",\"global_message\":\"Este campo \\u00e9 obrigat\\u00f3rio\",\"global\":true}},\"email\":{\"required\":{\"value\":false,\"message\":\"Este campo \\u00e9 obrigat\\u00f3rio\",\"global_message\":\"Este campo \\u00e9 obrigat\\u00f3rio\",\"global\":true},\"email\":{\"value\":true,\"message\":\"Este campo deve conter um endere\\u00e7o de e-mail v\\u00e1lido\",\"global_message\":\"Este campo deve conter um endere\\u00e7o de e-mail v\\u00e1lido\",\"global\":true}},\"input_text\":{\"required\":{\"value\":false,\"message\":\"Este campo \\u00e9 obrigat\\u00f3rio\",\"global_message\":\"Este campo \\u00e9 obrigat\\u00f3rio\",\"global\":true}}},\"debounce_time\":300};\n                            <\/script>\n            \n      <\/div>\n\n      <div style=\"max-width:650px; margin:30px auto 0; text-align:center;\">\n        <p style=\"font-family:Inter, Arial, sans-serif; font-size:14px; line-height:1.7; color:#8d7a7e; margin:0;\">\n          Ao submeteres este formul\u00e1rio, ficar\u00e1s registada na lista de pr\u00e9-inscri\u00e7\u00e3o para seres avisada em primeira m\u00e3o quando o pr\u00f3ximo ciclo abrir.\n        <\/p>\n      <\/div>\n\n    <\/div>\n  <\/div>\n<\/section>\n","protected":false},"excerpt":{"rendered":"<p>Ciclos de Reiki Novas datas brevemente \u2728 Se sentes que este ciclo \u00e9 para ti, honra esse chamado interior. As pr\u00f3ximas vagas ir\u00e3o abrir em breve e poder\u00e1s ser das primeiras pessoas a receber todas as novidades. Deixa abaixo os teus dados para entrares na pr\u00e9-inscri\u00e7\u00e3o. Ao submeteres este formul\u00e1rio, ficar\u00e1s registada na lista de [&hellip;]<\/p>\n","protected":false},"author":1,"featured_media":0,"parent":0,"menu_order":0,"comment_status":"closed","ping_status":"closed","template":"","meta":{"pagelayer_contact_templates":[],"_pagelayer_content":"","footnotes":""},"class_list":["post-298","page","type-page","status-publish","hentry"],"jetpack_sharing_enabled":true,"_links":{"self":[{"href":"https:\/\/deolindamatos.com\/shop\/wp-json\/wp\/v2\/pages\/298","targetHints":{"allow":["GET"]}}],"collection":[{"href":"https:\/\/deolindamatos.com\/shop\/wp-json\/wp\/v2\/pages"}],"about":[{"href":"https:\/\/deolindamatos.com\/shop\/wp-json\/wp\/v2\/types\/page"}],"author":[{"embeddable":true,"href":"https:\/\/deolindamatos.com\/shop\/wp-json\/wp\/v2\/users\/1"}],"replies":[{"embeddable":true,"href":"https:\/\/deolindamatos.com\/shop\/wp-json\/wp\/v2\/comments?post=298"}],"version-history":[{"count":3,"href":"https:\/\/deolindamatos.com\/shop\/wp-json\/wp\/v2\/pages\/298\/revisions"}],"predecessor-version":[{"id":302,"href":"https:\/\/deolindamatos.com\/shop\/wp-json\/wp\/v2\/pages\/298\/revisions\/302"}],"wp:attachment":[{"href":"https:\/\/deolindamatos.com\/shop\/wp-json\/wp\/v2\/media?parent=298"}],"curies":[{"name":"wp","href":"https:\/\/api.w.org\/{rel}","templated":true}]}}